{"id":44,"date":"2016-10-29T21:27:39","date_gmt":"2016-10-29T19:27:39","guid":{"rendered":"http:\/\/www.mb-youngclassics.de\/en\/?page_id=44"},"modified":"2019-06-27T22:05:33","modified_gmt":"2019-06-27T20:05:33","slug":"terms-and-conditions","status":"publish","type":"page","link":"https:\/\/www.mb-youngclassics.de\/en\/terms-and-conditions\/","title":{"rendered":"terms and conditions"},"content":{"rendered":"<p><span style=\"color: #000000\"><strong>Gesch\u00e4fts- und Lieferbedingungen der Firma Roland M\u00fcller (mb-youngclassics)<\/strong><\/span><\/p>\n<p><span style=\"color: #000000\"><strong>(Stand April 2018)<\/strong><\/span><br \/>\n<span style=\"color: #000000\"> <strong>1. Begriffsbestimmungen, Geltungsbereich<\/strong><\/span><\/p>\n<p><span style=\"color: #000000\">1.1 Die Firma Roland M\u00fcller (mb-youngclassics) wird nachfolgend \u2013 und zwar unabh\u00e4ngig davon, ob Kauf- oder Werklieferungsvertr\u00e4ge abgeschlossen werden, als Verk\u00e4ufer bezeichnet . Demgem\u00e4\u00df gilt die Bezeichnung K\u00e4ufer auch f\u00fcr einen Besteller.<\/span><\/p>\n<p><span style=\"color: #000000\">1.2 Die nachstehenden Verkaufs- und Lieferbedingungen des Verk\u00e4ufers \u2013 nachfolgend als ,, AGB \u201a \u201a bezeichnet \u2013 gelten ausschlie\u00dflich, entgegenstehende oder von den AGB abweichende Bedingungen des K\u00e4ufers werden nicht anerkannt, es sei denn, der Verk\u00e4ufer hat ihrer Geltung schriftlich zugestimmt. Die AGB gelten auch dann, wenn der Verk\u00e4ufer die Lieferung, den Verkauf in Kenntnis entgegenstehender oder von den AGB abweichender Bedingungen des Kunden ausf\u00fchrt. Anders lautende Bedingungen werden somit nicht Vertragsinhalt, auch wenn der Verk\u00e4ufer ihnen ausdr\u00fccklich widerspricht.<\/span><\/p>\n<p><span style=\"color: #000000\">1.3 Alle Vereinbarungen, die zwischen dem Verk\u00e4ufer und dem K\u00e4ufer in Zusammenhang mit dem jeweiligen Vertrag getroffen werden, gelten nur bei schriftlicher Fixierung.<\/span><\/p>\n<p><span style=\"color: #000000\">1.4 Alle Erzeugnisse des Verk\u00e4ufers, die nach Vorgaben des K\u00e4ufers hergestellt werden, unterliegen gem\u00e4\u00df BGB nicht dem Widerrufsrecht und werden nicht zur\u00fcckgenommen.<\/span><\/p>\n<p><span style=\"color: #000000\">1.5 Lieferungen au\u00dferhalb der EU sind vom R\u00fccktritt ausgeschlossen. Sollten die Parteien nach dem Gesch\u00e4ftsvorgang eine andere Regelung treffen, tr\u00e4gt der K\u00e4ufer alle Kosten des Gesch\u00e4ftsvorgangs.<\/span><\/p>\n<p><span style=\"color: #000000\"><strong>2. Preise<\/strong><\/span><\/p>\n<p><span style=\"color: #000000\">Unsere Preise verstehen sich in Euro ohne jeglichen Abzug, ausschlie\u00dflich Verpackung und Versandkosten ab M\u00f6nchengladbach, Preise sind frei bleibend und unverbindlich. Lieferungen au\u00dferhalb der EU erfolgen ohne Ausweis der Mehrwertsteuer.<\/span><\/p>\n<p><span style=\"color: #000000\"><strong>3. Zahlungen<\/strong><\/span><\/p>\n<p><span style=\"color: #000000\">Unsere Forderungen sind sofort nach Rechnungsstellung ohne Abzug f\u00e4llig. Enth\u00e4lt unsere Rechnung jedoch andere Zahlungsbedingungen, so gelten diese. Aufrechnung und Zur\u00fcckbehaltung sind ausgeschlossen, es sei denn, die Aufrechnungsforderungen sind unbestritten oder rechtskr\u00e4ftig festgestellt. Alle Rechnungen, ganz gleich, \u00fcber welchen Verkaufsweg sie zustande kommen, sind grunds\u00e4tzlich im Voraus f\u00e4llig<\/span><\/p>\n<p><span style=\"color: #000000\"><strong>4. Pfandrecht<\/strong><\/span><\/p>\n<p><span style=\"color: #000000\">Auf den aufgrund des Auftrages in unseren Besitz gelangten Gegenst\u00e4nden steht uns aus offenen Rechnungen (Forderungen) des Vertrages ein vertragliches Pfandrecht zu. Bleiben bei Zahlungsr\u00fcckst\u00e4nden alle Mahnversuche fruchtlos, ist es unser Recht, die in unseren Besitz gelangten Gegenst\u00e4nde zum aktuellen Verkehrswert zu ver\u00e4u\u00dfern.<\/span><\/p>\n<p><span style=\"color: #000000\"><strong>5. Lieferungen<\/strong><\/span><\/p>\n<p><span style=\"color: #000000\">Die von uns genannten Lieferfristen verstehen sich stets nur ungef\u00e4hr. Vertragsstrafen, Verzugsstrafen und Schadensersatzanspr\u00fcche bei versp\u00e4teter Lieferung sind ausgeschlossen; dasselbe gilt, wenn wir vom Vertrag zur\u00fccktreten.<\/span><\/p>\n<p><span style=\"color: #000000\"><strong>6. Versand<\/strong><\/span><\/p>\n<p><span style=\"color: #000000\">6.1 Mit \u00dcbergabe der Waren an den Transporteur erfolgt bei Lieferungen innerhalb der EU die Bef\u00f6rderung der Ware auf Gefahr des Empf\u00e4ngers bzw. Bestellers, soweit dies nicht bereits durch EU-Gesetze geregelt ist. Der Versand erfolgt nach besten Ermessen und im Rahmen der gegebenen M\u00f6glichkeiten in den von den Herstellern gelieferten Verpackungen. F\u00fcr verz\u00f6gerte Lieferungen, sowie f\u00fcr Verluste, verursacht durch den Bef\u00f6rderer, k\u00f6nnen wir nicht haftbar gemacht werden. Die Versandspesen gehen zu Lasten des Auftragsgebers bzw. Rechnungsempf\u00e4ngers. Der Verk\u00e4ufer beh\u00e4lt sich die Wahl des Versandweges und der Versandart vor. Erh\u00f6hter Aufwand bei der Versandverpackung von Waren sowie damit einhergehende Preissteigerungen bei den Versandkosten gehen grunds\u00e4tzlich zu Lasten des K\u00e4ufers.<\/p>\n<p>6.2 Der Gefahren\u00fcbergang bei internationalem Versand au\u00dferhalb der EU beginnt grunds\u00e4tzlich mit der \u00dcbergabe der Waren an den Transporteur. Der Versand erfolgt nach besten Ermessen und im Rahmen der gegebenen M\u00f6glichkeiten in den von den Herstellern gelieferten Verpackungen. F\u00fcr verz\u00f6gerte Lieferungen, sowie f\u00fcr Verluste, verursacht durch den Bef\u00f6rderer, k\u00f6nnen wir nicht haftbar gemacht werden. Die Versandspesen gehen zu Lasten des Auftragsgebers bzw. Rechnungsempf\u00e4ngers. Der Verk\u00e4ufer beh\u00e4lt sich die Wahl des Versandweges und der Versandart vor. Erh\u00f6hter Aufwand bei der Versandverpackung von Waren sowie damit einhergehende Preissteigerungen bei den Versandkosten gehen grunds\u00e4tzlich zu Lasten des K\u00e4ufers. Die zollrechtliche Abwicklung inklusive aller dadurch entstehenden Steuern und Geb\u00fchren gehen zu Lasten des K\u00e4ufers.\u00a0\u00a0<\/span><\/p>\n<p><span style=\"color: #000000\"><strong>7. Reklamations- Abwicklungs- Bedingungen insbesonders bei Aluminiumfelgen<\/strong><\/span><\/p>\n<p><span style=\"color: #000000\">\u00dcberpr\u00fcfen Sie Ihre Lieferung auf sichtbare M\u00e4ngel. Reklamation von bereits montierten Felgen k\u00f6nnen sp\u00e4ter, sofern M\u00e4ngel vorher erkennbar waren, nicht akzeptiert werden. Reklamationen auf Lackierungen bzw. grobe Farbabweichungen k\u00f6nnen nur dann erfolgen, wenn vom Kunden eine Farbnummer f\u00fcr den Auftrag einer Lackierung vorlag und diese schriftlich fixiert wurde.<\/span><\/p>\n<p><span style=\"color: #000000\"><strong>8. M\u00e4ngelr\u00fcgen<\/strong><\/span><\/p>\n<p><span style=\"color: #000000\">8.1 R\u00fcgen hinsichtlich erkennbarer M\u00e4ngel werden nur ber\u00fccksichtigt, wenn es schriftlich und unverz\u00fcglich, sp\u00e4testens jedoch innerhalb von 14 Tagen nach Erhalt der Sache unter Angabe der Rechnungsnummer beim Verk\u00e4ufer eingehen.<\/span><\/p>\n<p><span style=\"color: #000000\">8.2 Erf\u00fcllt der K\u00e4ufer die Obliegenheiten nach der vorstehenden Ziffer 8.1 nicht, so verliert er die Gew\u00e4hrleistungsanspr\u00fcche wegen der betreffenden M\u00e4ngel.<\/span><\/p>\n<p><span style=\"color: #000000\">8.3 Beanstandete Sachen d\u00fcrfen nur mit ausdr\u00fccklichem Einverst\u00e4ndnis des Verk\u00e4ufers zur\u00fcckgesandt werden. Die R\u00fccknahme oder den Umtausch ordnungsgem\u00e4\u00dfer Sachen kann der K\u00e4ufer nicht verlangen. Sofern der Verk\u00e4ufer die Sache ausnahmsweise zur\u00fcck nimmt, ohne hierdurch seinen Eigentumsvorbehalt auszu\u00fcben, erh\u00e4lt der K\u00e4ufer eine Gutschrift in H\u00f6he des am Tag der R\u00fccknahme g\u00fcltigen Nettopreises ( zuz\u00fcglich Mehrwertsteuer), h\u00f6chstens jedoch in H\u00f6he des von Ihm bezahlten Betrags abz\u00fcglich aller entstandenen Kosten. Der K\u00e4ufer tr\u00e4gt grunds\u00e4tzlich die Kosten des R\u00fcckversandes.<\/span><\/p>\n<p><span style=\"color: #000000\"><strong>9 Gew\u00e4hrleistung<\/strong><\/span><\/p>\n<p><span style=\"color: #000000\">9.1 Eigenschaften der Sache gelten nur bei ausdr\u00fccklicher Best\u00e4tigung des Verk\u00e4ufers als garantiert.<\/span><\/p>\n<p><span style=\"color: #000000\">9.2 Im Falle ordnungsgem\u00e4\u00df erhobener und begr\u00fcndeter M\u00e4ngelr\u00fcgen ist der Verk\u00e4ufer nach seiner Wahl zur Ersatzlieferung oder M\u00e4ngelbeseitigung berechtigt. Macht der Verk\u00e4ufer von seinem Recht zur Ersatzlieferung oder M\u00e4ngelbeseitigung Gebrauch, so sind alle sonstigen Gew\u00e4hrleistungsrechte des K\u00e4ufers ausgeschlossen. Verzichtet der Verk\u00e4ufer auf sein Recht zur Ersatzlieferung oder Nachbesserung oder erfolgt die Ersatzlieferung bzw. M\u00e4ngelbeseitigung nicht binnen einer angemessenen Frist oder ist die als Ersatz gelieferte Sache erneut mangelhaft oder der Nachbesserungsversuch erfolglos, so kann der K\u00e4ufer nach seiner Wahl eine angemessene Herabsetzung des Kaufpreises oder R\u00fcckg\u00e4ngigmachung der Vertrags verlangen. Der K\u00e4ufer tr\u00e4gt grunds\u00e4tzlich die Kosten des R\u00fcckversandes.<\/span><\/p>\n<p><span style=\"color: #000000\">9.3 F\u00fcr Waren, die f\u00fcr die Verwendung in Renn- und Sportfahrzeugen bestimmt sind, ist jeder Anspruch auf Gew\u00e4hrleistung ausgeschlossen.<\/span><\/p>\n<p><span style=\"color: #000000\">9.4 Bei umgesch\u00fcsselten ( auf andere Ma\u00dfe ) ver\u00e4nderte Aluminiumfelgen oder generell alle im Motorsport Verwendung findende Felgen ist jeder Anspruch auf Gew\u00e4hrleistung ausgeschlossen. Dies gilt auch f\u00fcr vom K\u00e4ufer nachtr\u00e4glich bearbeitete Felgen.<\/span><\/p>\n<p><span style=\"color: #000000\"><strong>10. Haftungsbeschr\u00e4nkung<\/strong><\/span><\/p>\n<p><span style=\"color: #000000\">10.1 Vertragliche sowie au\u00dfervertragliche Schadensersatzanspr\u00fcche des K\u00e4ufers , auch f\u00fcr mittelbare sowie im Zeitpunkt des Vertragsschlusses nicht vorhersehbare Sch\u00e4den sowie f\u00fcr Folgesch\u00e4den , sind im Falle nicht grob fahrl\u00e4ssiger Pflichtverletzung des Verk\u00e4ufers, der Leitenden Angestellten und anderer Erf\u00fcllungsgehilfen des Verk\u00e4ufers ausgeschlossen, es sei denn, dass die Verletzung eine Pflicht betrifft, die f\u00fcr die Erreichung des Vertragszwecks von wesentlicher Bedeutung ist. Sofern der Verk\u00e4ufer im vorgenannten Fall haftet, gelten die gesetzlichen Bestimmungen. Eine weitergehende Haftung des Verk\u00e4ufers ist ausgeschlossen, sofern dem nicht zwingende Regelungen , etwa des Produkthaftungsgesetzes , entgegenstehen. Der Verk\u00e4ufer haftet daher nicht f\u00fcr Sch\u00e4den, die nicht am Liefergegenstand selbst entstanden sind, insbesondere haftet er nicht f\u00fcr entgangenen Gewinn oder sonstige Verm\u00f6genssch\u00e4den des K\u00e4ufers. Soweit die Haftung des Verk\u00e4ufers ausgeschlossen oder beschr\u00e4nkt ist, gilt dies auch f\u00fcr die pers\u00f6nliche Haftung der Arbeitnehmer, sonstiger Mitarbeiter, Vertreter und Erf\u00fcllungsgehilfen des Verk\u00e4ufers.<\/span><\/p>\n<p><span style=\"color: #000000\"><strong>11. Technische Beratung<\/strong><\/span><\/p>\n<p><span style=\"color: #000000\">Die technische Beratung des K\u00e4ufers durch den Verk\u00e4ufer in Wort, Schrift und durch Versuche erfolgt nach bestem Wissen, gilt jedoch nur als unverbindlicher Hinweis und befreit den K\u00e4ufer nicht von der eigenen Pr\u00fcfung der vom Verk\u00e4ufer gelieferten Sachen auf ihre Eignung f\u00fcr die beabsichtigten Verfahren und Zwecke. Anwendung, Verwendung und Verarbeitung der Sachen erfolgen au\u00dferhalb der Kontrollm\u00f6glichkeiten des Verk\u00e4ufers und liegen daher ausschlie\u00dflich im Verantwortungsbereich des K\u00e4ufers.<\/span><\/p>\n<p><span style=\"color: #000000\"><strong>12. Markenschutz<\/strong><\/span><\/p>\n<p><span style=\"color: #000000\">12.1 Es ist unzul\u00e4ssig bei der Verwendung von Erzeugnissen des Verk\u00e4ufers f\u00fcr Fabrikationszwecke oder bei der Weiterverarbeitung Produktbezeichnungen des Verk\u00e4ufers, insbesondere dessen Marke, auf solcher Ware oder dessen Verpackung oder in dem dazugeh\u00f6rigen Drucksachen- und Werbematerial ohne vorherige schriftliche Zustimmung des Verk\u00e4ufers \u2013 insbesondere als Bestandteilsangabe \u2013 zu verwenden. Die Lieferung von Erzeugnissen unter einer Marke ist nicht als Zustimmung zum Gebrauch dieser Marke f\u00fcr die daraus hergestellten Produkte anzusehen.<\/span><\/p>\n<p><span style=\"color: #000000\">12.2 Unzul\u00e4ssig ist es auch, Produkte des Verk\u00e4ufers zu ver\u00e4ndern und\/oder mit Sonderstempelung oder anderen Kennzeichen zu versehen, die als Ursprungszeichen des K\u00e4ufers oder eines Dritten gelten oder den Anschein erwecken k\u00f6nnen, dass es sich um ein Sondererzeugnis handelt.<\/span><\/p>\n<p><span style=\"color: #000000\">12.3 Unzul\u00e4ssig ist ferner jede Ver\u00e4nderung der Sache des Verk\u00e4ufers in einer Weise, die dazu f\u00fchren kann, dass diese Sache f\u00fcr ein Produkt des K\u00e4ufers oder eines Dritten oder f\u00fcr ein Sondererzeugnis gehalten wird.<\/span><\/p>\n<p><span style=\"color: #000000\"><strong>13. Anwendbares Recht<\/strong><\/span><\/p>\n<p><span style=\"color: #000000\">Das Rechtsverh\u00e4ltnis der Vertragspartner unterliegt deutschem Recht unter Ausschluss des UN-Kaufrechts.<\/span><\/p>\n<p><span style=\"color: #000000\"><strong>14 Erf\u00fcllungsort, Gerichtsstand, Teilnichtigkeit<\/strong><\/span><\/p>\n<p><span style=\"color: #000000\">Erf\u00fcllungsort f\u00fcr die Lieferung ist die jeweilige Versandstelle der Verk\u00e4ufers, f\u00fcr die Zahlung dessen Sitz, sofern nicht der Verk\u00e4ufer schriftlich einen anderen Erf\u00fcllungs-ort bestimmt hat.<\/span><\/p>\n<p><span style=\"color: #000000\">14.1 Gerichtsstand ist nach Wahl des Verk\u00e4ufers \u2013 ohne R\u00fccksicht auf die H\u00f6he des Streitgegenstandes \u2013 das Amtsgericht Borken. Dies gilt auch f\u00fcr Urkunden-, Wechsel- und Scheckprozesse. Die vorstehende Gerichtsstands-Vereinbarung gilt entgegen des HGB auch , wenn der K\u00e4ufer nicht Kaufmann im Sinne des HGB ist.<\/span><\/p>\n<p><span style=\"color: #000000\"><strong>15. Datenverarbeitung<\/strong><\/span><\/p>\n<p><span style=\"color: #000000\">Der Verk\u00e4ufer ist zur Sicherung der Daten des K\u00e4ufers sowie im Rahmen der Zwecke des jeweiligen Vertragsverh\u00e4ltnisses zur Verarbeitung dieser Daten berechtigt.<\/span><\/p>\n<p><strong>16. \u00dcbersetzungen<\/strong><\/p>\n<p>Die Gesch\u00e4ftsbedingungen, Texte und Produktbeschreibungen in deutscher Sprache sind die ma\u00dfgebliche rechtswirksame Version f\u00fcr alle nationalen oder internationalen Gesch\u00e4ftsvorg\u00e4nge. \u00dcbersetzungen in jedwede Sprache dienen lediglich zur leichteren Verwendbarkeit.<\/p>\n<p><span style=\"color: #000000\"><strong>17. Salvatorische Klausel<\/strong><\/span><\/p>\n<p><span style=\"color: #000000\">Sollten einzelne Klauseln der AGB ganz oder teilweise ung\u00fcltig sein, so ber\u00fchrt dies die Wirksamkeit der \u00fcbrigen Klauseln bzw. der \u00fcbrigen Teile solcher Klauseln nicht. Eine unwirksame Regelung gilt als durch eine solche Regelung ersetzt, die dem wirtschaftlichen Zweck der unwirksamen Regelung am n\u00e4chsten kommt und wirksam ist.<\/span><\/p>\n<p><span style=\"color: #000000\"><strong>ODR<\/strong><\/span><\/p>\n<p><span style=\"color: #000000\">Die sogenannte OS-Verordnung oder auch ODR-Verordnung (ODR = Online-Dispute-Resulution) gilt f\u00fcr die au\u00dfergerichtliche Streitbeilegung von Streitigkeiten \u00fcber vertragliche Verpflichtungen aus Online-Kaufvertr\u00e4gen oder Online-Dienstleistungsvertr\u00e4gen zwischen Verbrauchern und Unternehmern (Verordnung (EU) Nr. 524\/2013 \u00fcber die Online-Streitbeilegung (OS) in Verbraucherangelegenheiten).<\/span><\/p>\n<p><span style=\"color: #000000\">Zweck der Verordnung ist es, einen hohes Verbraucherschutzniveau im europ\u00e4ischen digitalen Binnenmarkt zu erreichen. Mit der M\u00f6glichkeit einer Online-Streitbeilegung (OS) soll eine einfache, effiziente, schnelle und kosteng\u00fcnstige au\u00dfergerichtliche L\u00f6sung f\u00fcr Streitigkeiten aus dem Online-Handel angeboten werden.<\/span><\/p>\n<p><span style=\"color: #000000\">Die Streitbeilegungsplattform erreichen Sie unter folgendem Link:\u00a0<a style=\"color: #000000\" href=\"https:\/\/ec.europa.eu\/consumers\/odr\/\" target=\"_blank\" rel=\"noopener noreferrer\">https:\/\/ec.europa.eu\/consumers\/odr\/<\/a><\/span><\/p>\n<p><span style=\"color: #000000\">Sie erreichen uns unter\u00a0<a style=\"color: #000000\" href=\"mailto:mail@mb-youngclassics.de\">mail@mb-youngclassics.de<\/a><\/span><\/p>\n<p>&nbsp;<\/p>\n<p>Sie haben noch Fragen? Dann rufen Sie an!<\/p>\n<p><strong>0152\/06607626<\/strong> von 9 \u2013 19 Uhr (auch sp\u00e4ter nach Vereinbarung)<\/p>\n<p>oder schreiben Sie eine Email an <a href=\"mailto:mail@mb-youngclassics.de\">mail@mb-youngclassics.de<\/a><\/p>\n<p>&nbsp;<\/p>\n<p>&nbsp;<\/p>\n","protected":false},"excerpt":{"rendered":"<p>Gesch\u00e4fts- und Lieferbedingungen der Firma Roland M\u00fcller (mb-youngclassics) (Stand April 2018) 1. Begriffsbestimmungen, Geltungsbereich 1.1 Die Firma Roland M\u00fcller (mb-youngclassics) wird nachfolgend \u2013 und zwar unabh\u00e4ngig davon, ob Kauf- oder Werklieferungsvertr\u00e4ge abgeschlossen werden, als Verk\u00e4ufer bezeichnet . Demgem\u00e4\u00df gilt die <a class=\"more-link\" href=\"https:\/\/www.mb-youngclassics.de\/en\/terms-and-conditions\/\">Read More &#8230;<\/a><\/p>\n","protected":false},"author":1,"featured_media":0,"parent":0,"menu_order":0,"comment_status":"closed","ping_status":"closed","template":"","meta":{"footnotes":""},"class_list":["post-44","page","type-page","status-publish","hentry"],"aioseo_notices":[],"_links":{"self":[{"href":"https:\/\/www.mb-youngclassics.de\/en\/wp-json\/wp\/v2\/pages\/44","targetHints":{"allow":["GET"]}}],"collection":[{"href":"https:\/\/www.mb-youngclassics.de\/en\/wp-json\/wp\/v2\/pages"}],"about":[{"href":"https:\/\/www.mb-youngclassics.de\/en\/wp-json\/wp\/v2\/types\/page"}],"author":[{"embeddable":true,"href":"https:\/\/www.mb-youngclassics.de\/en\/wp-json\/wp\/v2\/users\/1"}],"replies":[{"embeddable":true,"href":"https:\/\/www.mb-youngclassics.de\/en\/wp-json\/wp\/v2\/comments?post=44"}],"version-history":[{"count":9,"href":"https:\/\/www.mb-youngclassics.de\/en\/wp-json\/wp\/v2\/pages\/44\/revisions"}],"predecessor-version":[{"id":1302,"href":"https:\/\/www.mb-youngclassics.de\/en\/wp-json\/wp\/v2\/pages\/44\/revisions\/1302"}],"wp:attachment":[{"href":"https:\/\/www.mb-youngclassics.de\/en\/wp-json\/wp\/v2\/media?parent=44"}],"curies":[{"name":"wp","href":"https:\/\/api.w.org\/{rel}","templated":true}]}}